{"id":9865,"date":"2015-01-05T12:22:40","date_gmt":"2015-01-05T12:22:40","guid":{"rendered":"http:\/\/kiropraktik.ee\/esmane-visiit-2\/"},"modified":"2024-05-17T11:43:20","modified_gmt":"2024-05-17T08:43:20","slug":"dr-oolo-konsultatsioon","status":"publish","type":"page","link":"https:\/\/kiropraktik.ee\/en\/dr-oolo-konsultatsioon\/","title":{"rendered":"First visit"},"content":{"rendered":"<div class=\"row \"><div class=\"wpv-grid grid-1-1  wpv-first-level parallax-bg first has-background unextended\" style=\"background-color:#ffffff;padding-top:30px;padding-bottom:30px\" id=\"wpv-column-d4708f97815d25aa548b8b83c195ed90\"  data-parallax-method=\"fixed\" data-parallax-inertia=\"-0.2\"><style scoped>#wpv-column-d4708f97815d25aa548b8b83c195ed90 p,#wpv-column-d4708f97815d25aa548b8b83c195ed90 em,#wpv-column-d4708f97815d25aa548b8b83c195ed90 .column-title,#wpv-column-d4708f97815d25aa548b8b83c195ed90 .sep-text h2.regular-title-wrapper,#wpv-column-d4708f97815d25aa548b8b83c195ed90 .text-divider-double,#wpv-column-d4708f97815d25aa548b8b83c195ed90 .sep-text .sep-text-line,#wpv-column-d4708f97815d25aa548b8b83c195ed90 .sep,#wpv-column-d4708f97815d25aa548b8b83c195ed90 .sep-2,#wpv-column-d4708f97815d25aa548b8b83c195ed90 .sep-3,#wpv-column-d4708f97815d25aa548b8b83c195ed90 td,#wpv-column-d4708f97815d25aa548b8b83c195ed90 th,#wpv-column-d4708f97815d25aa548b8b83c195ed90 caption{color:#808080;}#wpv-column-d4708f97815d25aa548b8b83c195ed90:before{background-color:transparent;}<\/style><div class=\"row \"><div class=\"wpv-grid grid-1-2  first unextended\" style=\"padding-top:0px;padding-bottom:0px\" id=\"wpv-column-bff308f66a05747e082be319695e1952\" ><h4>Both Dr. Allan Oolo first visit includes:<\/h4>\n<h4><span style=\"color: #333333;\">Medical consultation.<\/span><br \/>\n<span style=\"color: #333333;\">Assessment of condition and anatomical mapping.<\/span><br \/>\n<span style=\"color: #000000;\">If necessary, the first course of therapy.<\/span><br \/>\n<span style=\"color: #333333;\"><span style=\"color: #000000;\">According to the diagnosis,<\/span><br \/>\nyou are provided with a therapy plan when warranted.<br \/>\n<\/span><\/h4>\n<p><strong>Cost is 250 euros and it includes an up to 15 minute direct conversation either digitally or by phone. If a little more time is required , there is usually no additional charge.<\/strong><\/p>\n<hr \/><\/div>\n<div class=\"wpv-grid grid-1-2  unextended\" style=\"padding-top:0px;padding-bottom:0px\" id=\"wpv-column-44bf32cc4d8f0a3d7e34ccf090357ee5\" ><p><img decoding=\"async\" class=\"aligncenter wp-image-12735 size-full\" src=\"https:\/\/kiropraktik.ee\/wp-content\/uploads\/2016\/11\/patsientvisit2.png\" alt=\"\" width=\"1000\" height=\"302\" srcset=\"https:\/\/kiropraktik.ee\/wp-content\/uploads\/2016\/11\/patsientvisit2.png 1000w, https:\/\/kiropraktik.ee\/wp-content\/uploads\/2016\/11\/patsientvisit2-300x91.png 300w, https:\/\/kiropraktik.ee\/wp-content\/uploads\/2016\/11\/patsientvisit2-615x186.png 615w, https:\/\/kiropraktik.ee\/wp-content\/uploads\/2016\/11\/patsientvisit2-400x121.png 400w, https:\/\/kiropraktik.ee\/wp-content\/uploads\/2016\/11\/patsientvisit2-292x88.png 292w\" sizes=\"(max-width: 1000px) 100vw, 1000px\" \/><\/div><\/div>\n<div class=\"row \"><div class=\"wpv-grid grid-1-2  first has-background unextended\" style=\"background-color:#FAFAFA;padding-top:10px;padding-bottom:0px\" id=\"wpv-column-26de07ed1747605facf2263104369486\" ><style scoped>#wpv-column-26de07ed1747605facf2263104369486 p,#wpv-column-26de07ed1747605facf2263104369486 em,#wpv-column-26de07ed1747605facf2263104369486 .column-title,#wpv-column-26de07ed1747605facf2263104369486 .sep-text h2.regular-title-wrapper,#wpv-column-26de07ed1747605facf2263104369486 .text-divider-double,#wpv-column-26de07ed1747605facf2263104369486 .sep-text .sep-text-line,#wpv-column-26de07ed1747605facf2263104369486 .sep,#wpv-column-26de07ed1747605facf2263104369486 .sep-2,#wpv-column-26de07ed1747605facf2263104369486 .sep-3,#wpv-column-26de07ed1747605facf2263104369486 td,#wpv-column-26de07ed1747605facf2263104369486 th,#wpv-column-26de07ed1747605facf2263104369486 caption{color:#7b7b7b;}#wpv-column-26de07ed1747605facf2263104369486:before{background-color:transparent;}<\/style><h4>Preparing Your first visit, please bring the following items:<\/h4>\n<p><span style=\"color: #333300;\">Medical reports, X-rays etc.<\/span><br \/>\n<span style=\"color: #333300;\">If necessary You receive letter of referral from our Doctor.<\/span><br \/>\n<span style=\"color: #333300;\">The closest Center of Radiology is located P\u00e4rnu mnt.104, at East Tallinn Central Hospital Magdaleena Unit<\/span><\/p>\n<p><span style=\"color: #333333;\"><strong>How to breath during treatment??<\/strong><\/span><br \/>\n<span style=\"color: #000000;\">Breath in through Your nose and abdomen<\/span><br \/>\n<span style=\"color: #000000;\">Breath out through Your mouth, keeping teeth together, making an \u201cS\u201d sound as you exhale<\/span><br \/>\n<span style=\"color: #000000;\">Exhale slowly<\/span><\/p>\n<h4>House Rules of the Clinic<\/h4>\n<p><span style=\"color: #000000;\">Please notify us of any changes to your scheduled appointment.<\/span><br \/>\n<span style=\"color: #000000;\">Charges will apply to cancellations made with less than 24-hours notice.<\/span><\/div>\n<div class=\"wpv-grid grid-1-2  has-background unextended\" style=\"background-color:#FAFAFA;padding-top:10px;padding-bottom:0px\" id=\"wpv-column-91c715f6e992eaa96fd7ceef6496a154\" ><style scoped>#wpv-column-91c715f6e992eaa96fd7ceef6496a154 p,#wpv-column-91c715f6e992eaa96fd7ceef6496a154 em,#wpv-column-91c715f6e992eaa96fd7ceef6496a154 .column-title,#wpv-column-91c715f6e992eaa96fd7ceef6496a154 .sep-text h2.regular-title-wrapper,#wpv-column-91c715f6e992eaa96fd7ceef6496a154 .text-divider-double,#wpv-column-91c715f6e992eaa96fd7ceef6496a154 .sep-text .sep-text-line,#wpv-column-91c715f6e992eaa96fd7ceef6496a154 .sep,#wpv-column-91c715f6e992eaa96fd7ceef6496a154 .sep-2,#wpv-column-91c715f6e992eaa96fd7ceef6496a154 .sep-3,#wpv-column-91c715f6e992eaa96fd7ceef6496a154 td,#wpv-column-91c715f6e992eaa96fd7ceef6496a154 th,#wpv-column-91c715f6e992eaa96fd7ceef6496a154 caption{color:#7b7b7b;}#wpv-column-91c715f6e992eaa96fd7ceef6496a154:before{background-color:transparent;}<\/style><h4>What happens at the Chiropractor?<\/h4>\n<h4><iframe loading=\"lazy\" src=\"https:\/\/www.youtube.com\/embed\/9orOlqo9Ha4\" width=\"656\" height=\"338\" frameborder=\"0\" allowfullscreen=\"allowfullscreen\"><\/iframe><\/h4>\n<a href=\"https:\/\/kiropraktik.ee\/make-an-online-appointment\/?lang=en\" target=\"_self\" style='font-size: 20px;' class=\"button vamtam-button accent1  button-filled-small hover-accent1  alignright\"><span class=\"btext\">Make an appointment online!<\/span><\/a><\/div><\/div><\/div><\/div>\n","protected":false},"excerpt":{"rendered":"<p>Both Dr. Allan Oolo first visit includes: Medical consultation. Assessment of condition and anatomical mapping. If necessary, the first course of therapy. According to the diagnosis, you are provided with a therapy plan when warranted. Cost is 250 euros and it includes an up to 15 minute direct conversation either digitally or by phone. If&#8230;<\/p>\n","protected":false},"author":1,"featured_media":0,"parent":0,"menu_order":0,"comment_status":"closed","ping_status":"closed","template":"","meta":{"footnotes":""},"class_list":["post-9865","page","type-page","status-publish"],"yoast_head":"<!-- This site is optimized with the Yoast SEO plugin v27.4 - https:\/\/yoast.com\/product\/yoast-seo-wordpress\/ -->\n<title>TRIGEENIK, OSTEOPAAT, KIROPRAKTIK, KIROPRAKTIKA SPORDIARST, MASS\u00d6\u00d6R<\/title>\n<meta name=\"description\" content=\"TRIGEENIK, OSTEOPAAT, KIROPRAKTIK, KIROPRAKTIKA SPORDIARST, MASS\u00d6\u00d6R Dr Allan Oolo; TRIGEENIK, MASS\u00d6\u00d6R (-); esmavisiidi hind\" \/>\n<meta name=\"robots\" content=\"index, follow, max-snippet:-1, max-image-preview:large, max-video-preview:-1\" \/>\n<link rel=\"canonical\" href=\"https:\/\/kiropraktik.ee\/en\/dr-oolo-konsultatsioon\/\" \/>\n<meta property=\"og:locale\" content=\"en_US\" \/>\n<meta property=\"og:type\" content=\"article\" \/>\n<meta property=\"og:title\" content=\"Meie meeskond | Mis toimub kiropraktiku vastuv\u00f5tul? | Kuidas ravi ajal hingata?\" \/>\n<meta property=\"og:description\" content=\"esmavisiidi hind, TRIGEENIK, OSTEOPAAT, KIROPRAKTIK, KIROPRAKTIKA SPORDIARST Dr Allan Oolo; TRIGEENIK, MASS\u00d6\u00d6R (-);\" \/>\n<meta property=\"og:url\" content=\"https:\/\/kiropraktik.ee\/en\/dr-oolo-konsultatsioon\/\" \/>\n<meta property=\"og:site_name\" content=\"Trigenics Valuravi ja Kiropraktika Kliinik\" \/>\n<meta property=\"article:publisher\" content=\"https:\/\/www.facebook.com\/TrigenicsEstonia\/?fref=ts\" \/>\n<meta property=\"article:modified_time\" content=\"2024-05-17T08:43:20+00:00\" \/>\n<meta property=\"og:image\" content=\"https:\/\/kiropraktik.ee\/wp-content\/uploads\/2016\/11\/patsientvisit2.png\" \/>\n<meta name=\"twitter:label1\" content=\"Est. reading time\" \/>\n\t<meta name=\"twitter:data1\" content=\"2 minutes\" \/>\n<script type=\"application\/ld+json\" class=\"yoast-schema-graph\">{\"@context\":\"https:\\\/\\\/schema.org\",\"@graph\":[{\"@type\":\"WebPage\",\"@id\":\"https:\\\/\\\/kiropraktik.ee\\\/en\\\/dr-oolo-konsultatsioon\\\/\",\"url\":\"https:\\\/\\\/kiropraktik.ee\\\/en\\\/dr-oolo-konsultatsioon\\\/\",\"name\":\"TRIGEENIK, OSTEOPAAT, KIROPRAKTIK, KIROPRAKTIKA SPORDIARST, MASS\u00d6\u00d6R\",\"isPartOf\":{\"@id\":\"https:\\\/\\\/kiropraktik.ee\\\/#website\"},\"primaryImageOfPage\":{\"@id\":\"https:\\\/\\\/kiropraktik.ee\\\/en\\\/dr-oolo-konsultatsioon\\\/#primaryimage\"},\"image\":{\"@id\":\"https:\\\/\\\/kiropraktik.ee\\\/en\\\/dr-oolo-konsultatsioon\\\/#primaryimage\"},\"thumbnailUrl\":\"https:\\\/\\\/kiropraktik.ee\\\/wp-content\\\/uploads\\\/2016\\\/11\\\/patsientvisit2.png\",\"datePublished\":\"2015-01-05T12:22:40+00:00\",\"dateModified\":\"2024-05-17T08:43:20+00:00\",\"description\":\"TRIGEENIK, OSTEOPAAT, KIROPRAKTIK, KIROPRAKTIKA SPORDIARST, MASS\u00d6\u00d6R Dr Allan Oolo; TRIGEENIK, MASS\u00d6\u00d6R (-); esmavisiidi hind\",\"breadcrumb\":{\"@id\":\"https:\\\/\\\/kiropraktik.ee\\\/en\\\/dr-oolo-konsultatsioon\\\/#breadcrumb\"},\"inLanguage\":\"en-US\",\"potentialAction\":[{\"@type\":\"ReadAction\",\"target\":[\"https:\\\/\\\/kiropraktik.ee\\\/en\\\/dr-oolo-konsultatsioon\\\/\"]}]},{\"@type\":\"ImageObject\",\"inLanguage\":\"en-US\",\"@id\":\"https:\\\/\\\/kiropraktik.ee\\\/en\\\/dr-oolo-konsultatsioon\\\/#primaryimage\",\"url\":\"https:\\\/\\\/kiropraktik.ee\\\/wp-content\\\/uploads\\\/2016\\\/11\\\/patsientvisit2.png\",\"contentUrl\":\"https:\\\/\\\/kiropraktik.ee\\\/wp-content\\\/uploads\\\/2016\\\/11\\\/patsientvisit2.png\"},{\"@type\":\"BreadcrumbList\",\"@id\":\"https:\\\/\\\/kiropraktik.ee\\\/en\\\/dr-oolo-konsultatsioon\\\/#breadcrumb\",\"itemListElement\":[{\"@type\":\"ListItem\",\"position\":1,\"name\":\"Avaleht\",\"item\":\"https:\\\/\\\/kiropraktik.ee\\\/en\\\/\"},{\"@type\":\"ListItem\",\"position\":2,\"name\":\"First visit\"}]},{\"@type\":\"WebSite\",\"@id\":\"https:\\\/\\\/kiropraktik.ee\\\/#website\",\"url\":\"https:\\\/\\\/kiropraktik.ee\\\/\",\"name\":\"Trigenics Valuravi ja Kiropraktika Kliinik\",\"description\":\"Kiropraktika kliinik\",\"publisher\":{\"@id\":\"https:\\\/\\\/kiropraktik.ee\\\/#organization\"},\"potentialAction\":[{\"@type\":\"SearchAction\",\"target\":{\"@type\":\"EntryPoint\",\"urlTemplate\":\"https:\\\/\\\/kiropraktik.ee\\\/?s={search_term_string}\"},\"query-input\":{\"@type\":\"PropertyValueSpecification\",\"valueRequired\":true,\"valueName\":\"search_term_string\"}}],\"inLanguage\":\"en-US\"},{\"@type\":\"Organization\",\"@id\":\"https:\\\/\\\/kiropraktik.ee\\\/#organization\",\"name\":\"Trigenics Kiropraktika & Valuravi Kliinik\",\"url\":\"https:\\\/\\\/kiropraktik.ee\\\/\",\"logo\":{\"@type\":\"ImageObject\",\"inLanguage\":\"en-US\",\"@id\":\"https:\\\/\\\/kiropraktik.ee\\\/#\\\/schema\\\/logo\\\/image\\\/\",\"url\":\"https:\\\/\\\/kiropraktik.ee\\\/wp-content\\\/uploads\\\/2019\\\/11\\\/Kiropraktika-e1572517961400-1-e1574681370900.png\",\"contentUrl\":\"https:\\\/\\\/kiropraktik.ee\\\/wp-content\\\/uploads\\\/2019\\\/11\\\/Kiropraktika-e1572517961400-1-e1574681370900.png\",\"width\":204,\"height\":204,\"caption\":\"Trigenics Kiropraktika & Valuravi Kliinik\"},\"image\":{\"@id\":\"https:\\\/\\\/kiropraktik.ee\\\/#\\\/schema\\\/logo\\\/image\\\/\"},\"sameAs\":[\"https:\\\/\\\/www.facebook.com\\\/TrigenicsEstonia\\\/?fref=ts\",\"https:\\\/\\\/www.youtube.com\\\/channel\\\/UCYYy1yjkD3cV9gLxOtnN-4Q\"]}]}<\/script>\n<!-- \/ Yoast SEO plugin. -->","yoast_head_json":{"title":"TRIGEENIK, OSTEOPAAT, KIROPRAKTIK, KIROPRAKTIKA SPORDIARST, MASS\u00d6\u00d6R","description":"TRIGEENIK, OSTEOPAAT, KIROPRAKTIK, KIROPRAKTIKA SPORDIARST, MASS\u00d6\u00d6R Dr Allan Oolo; TRIGEENIK, MASS\u00d6\u00d6R (-); esmavisiidi hind","robots":{"index":"index","follow":"follow","max-snippet":"max-snippet:-1","max-image-preview":"max-image-preview:large","max-video-preview":"max-video-preview:-1"},"canonical":"https:\/\/kiropraktik.ee\/en\/dr-oolo-konsultatsioon\/","og_locale":"en_US","og_type":"article","og_title":"Meie meeskond | Mis toimub kiropraktiku vastuv\u00f5tul? | Kuidas ravi ajal hingata?","og_description":"esmavisiidi hind, TRIGEENIK, OSTEOPAAT, KIROPRAKTIK, KIROPRAKTIKA SPORDIARST Dr Allan Oolo; TRIGEENIK, MASS\u00d6\u00d6R (-);","og_url":"https:\/\/kiropraktik.ee\/en\/dr-oolo-konsultatsioon\/","og_site_name":"Trigenics Valuravi ja Kiropraktika Kliinik","article_publisher":"https:\/\/www.facebook.com\/TrigenicsEstonia\/?fref=ts","article_modified_time":"2024-05-17T08:43:20+00:00","og_image":[{"url":"https:\/\/kiropraktik.ee\/wp-content\/uploads\/2016\/11\/patsientvisit2.png","type":"","width":"","height":""}],"twitter_misc":{"Est. reading time":"2 minutes"},"schema":{"@context":"https:\/\/schema.org","@graph":[{"@type":"WebPage","@id":"https:\/\/kiropraktik.ee\/en\/dr-oolo-konsultatsioon\/","url":"https:\/\/kiropraktik.ee\/en\/dr-oolo-konsultatsioon\/","name":"TRIGEENIK, OSTEOPAAT, KIROPRAKTIK, KIROPRAKTIKA SPORDIARST, MASS\u00d6\u00d6R","isPartOf":{"@id":"https:\/\/kiropraktik.ee\/#website"},"primaryImageOfPage":{"@id":"https:\/\/kiropraktik.ee\/en\/dr-oolo-konsultatsioon\/#primaryimage"},"image":{"@id":"https:\/\/kiropraktik.ee\/en\/dr-oolo-konsultatsioon\/#primaryimage"},"thumbnailUrl":"https:\/\/kiropraktik.ee\/wp-content\/uploads\/2016\/11\/patsientvisit2.png","datePublished":"2015-01-05T12:22:40+00:00","dateModified":"2024-05-17T08:43:20+00:00","description":"TRIGEENIK, OSTEOPAAT, KIROPRAKTIK, KIROPRAKTIKA SPORDIARST, MASS\u00d6\u00d6R Dr Allan Oolo; TRIGEENIK, MASS\u00d6\u00d6R (-); esmavisiidi hind","breadcrumb":{"@id":"https:\/\/kiropraktik.ee\/en\/dr-oolo-konsultatsioon\/#breadcrumb"},"inLanguage":"en-US","potentialAction":[{"@type":"ReadAction","target":["https:\/\/kiropraktik.ee\/en\/dr-oolo-konsultatsioon\/"]}]},{"@type":"ImageObject","inLanguage":"en-US","@id":"https:\/\/kiropraktik.ee\/en\/dr-oolo-konsultatsioon\/#primaryimage","url":"https:\/\/kiropraktik.ee\/wp-content\/uploads\/2016\/11\/patsientvisit2.png","contentUrl":"https:\/\/kiropraktik.ee\/wp-content\/uploads\/2016\/11\/patsientvisit2.png"},{"@type":"BreadcrumbList","@id":"https:\/\/kiropraktik.ee\/en\/dr-oolo-konsultatsioon\/#breadcrumb","itemListElement":[{"@type":"ListItem","position":1,"name":"Avaleht","item":"https:\/\/kiropraktik.ee\/en\/"},{"@type":"ListItem","position":2,"name":"First visit"}]},{"@type":"WebSite","@id":"https:\/\/kiropraktik.ee\/#website","url":"https:\/\/kiropraktik.ee\/","name":"Trigenics Valuravi ja Kiropraktika Kliinik","description":"Kiropraktika kliinik","publisher":{"@id":"https:\/\/kiropraktik.ee\/#organization"},"potentialAction":[{"@type":"SearchAction","target":{"@type":"EntryPoint","urlTemplate":"https:\/\/kiropraktik.ee\/?s={search_term_string}"},"query-input":{"@type":"PropertyValueSpecification","valueRequired":true,"valueName":"search_term_string"}}],"inLanguage":"en-US"},{"@type":"Organization","@id":"https:\/\/kiropraktik.ee\/#organization","name":"Trigenics Kiropraktika & Valuravi Kliinik","url":"https:\/\/kiropraktik.ee\/","logo":{"@type":"ImageObject","inLanguage":"en-US","@id":"https:\/\/kiropraktik.ee\/#\/schema\/logo\/image\/","url":"https:\/\/kiropraktik.ee\/wp-content\/uploads\/2019\/11\/Kiropraktika-e1572517961400-1-e1574681370900.png","contentUrl":"https:\/\/kiropraktik.ee\/wp-content\/uploads\/2019\/11\/Kiropraktika-e1572517961400-1-e1574681370900.png","width":204,"height":204,"caption":"Trigenics Kiropraktika & Valuravi Kliinik"},"image":{"@id":"https:\/\/kiropraktik.ee\/#\/schema\/logo\/image\/"},"sameAs":["https:\/\/www.facebook.com\/TrigenicsEstonia\/?fref=ts","https:\/\/www.youtube.com\/channel\/UCYYy1yjkD3cV9gLxOtnN-4Q"]}]}},"_links":{"self":[{"href":"https:\/\/kiropraktik.ee\/en\/wp-json\/wp\/v2\/pages\/9865","targetHints":{"allow":["GET"]}}],"collection":[{"href":"https:\/\/kiropraktik.ee\/en\/wp-json\/wp\/v2\/pages"}],"about":[{"href":"https:\/\/kiropraktik.ee\/en\/wp-json\/wp\/v2\/types\/page"}],"author":[{"embeddable":true,"href":"https:\/\/kiropraktik.ee\/en\/wp-json\/wp\/v2\/users\/1"}],"replies":[{"embeddable":true,"href":"https:\/\/kiropraktik.ee\/en\/wp-json\/wp\/v2\/comments?post=9865"}],"version-history":[{"count":4,"href":"https:\/\/kiropraktik.ee\/en\/wp-json\/wp\/v2\/pages\/9865\/revisions"}],"predecessor-version":[{"id":30768,"href":"https:\/\/kiropraktik.ee\/en\/wp-json\/wp\/v2\/pages\/9865\/revisions\/30768"}],"wp:attachment":[{"href":"https:\/\/kiropraktik.ee\/en\/wp-json\/wp\/v2\/media?parent=9865"}],"curies":[{"name":"wp","href":"https:\/\/api.w.org\/{rel}","templated":true}]}}